{"id":93551,"date":"2025-11-26T23:07:53","date_gmt":"2025-11-26T22:07:53","guid":{"rendered":"https:\/\/moreirazaida.com\/4347-correa-armis-dorado\/"},"modified":"2026-03-03T11:53:05","modified_gmt":"2026-03-03T10:53:05","slug":"4347-correa-armis-dorado","status":"publish","type":"product","link":"https:\/\/moreirazaida.com\/en\/4347-correa-armis-dorado\/","title":{"rendered":"4347 Correa Armis Dorado"},"content":{"rendered":"","protected":false},"excerpt":{"rendered":"<p>Correa de reloj fabricada en acero de alta calidad, acabado en dorado que aporta un toque elegante y moderno. Dise\u00f1ada con eslabones s\u00f3lidos y cierre de seguridad, garantiza una sujeci\u00f3n \u00f3ptima y m\u00e1xima protecci\u00f3n para el uso diario. Perfecta para quienes desean un estilo distinguido y duradero, resistente y f\u00e1cil de cuidar.<\/p>\n","protected":false},"featured_media":96440,"template":"","meta":{"_seopress_robots_primary_cat":"","_seopress_titles_title":"","_seopress_titles_desc":"","_seopress_robots_index":""},"product_brand":[],"product_cat":[200,48],"product_tag":[],"class_list":{"0":"post-93551","1":"product","2":"type-product","3":"status-publish","4":"has-post-thumbnail","6":"product_cat-acero-correas-armis","7":"product_cat-correas-armis","9":"first","10":"instock","11":"taxable","12":"shipping-taxable","13":"purchasable","14":"product-type-variable"},"_links":{"self":[{"href":"https:\/\/moreirazaida.com\/en\/wp-json\/wp\/v2\/product\/93551","targetHints":{"allow":["GET"]}}],"collection":[{"href":"https:\/\/moreirazaida.com\/en\/wp-json\/wp\/v2\/product"}],"about":[{"href":"https:\/\/moreirazaida.com\/en\/wp-json\/wp\/v2\/types\/product"}],"wp:featuredmedia":[{"embeddable":true,"href":"https:\/\/moreirazaida.com\/en\/wp-json\/wp\/v2\/media\/96440"}],"wp:attachment":[{"href":"https:\/\/moreirazaida.com\/en\/wp-json\/wp\/v2\/media?parent=93551"}],"wp:term":[{"taxonomy":"product_brand","embeddable":true,"href":"https:\/\/moreirazaida.com\/en\/wp-json\/wp\/v2\/product_brand?post=93551"},{"taxonomy":"product_cat","embeddable":true,"href":"https:\/\/moreirazaida.com\/en\/wp-json\/wp\/v2\/product_cat?post=93551"},{"taxonomy":"product_tag","embeddable":true,"href":"https:\/\/moreirazaida.com\/en\/wp-json\/wp\/v2\/product_tag?post=93551"}],"curies":[{"name":"wp","href":"https:\/\/api.w.org\/{rel}","templated":true}]}}