{"id":93549,"date":"2025-11-26T23:06:23","date_gmt":"2025-11-26T22:06:23","guid":{"rendered":"https:\/\/moreirazaida.com\/4345-correa-armis-acero-malla-gruesa\/"},"modified":"2026-03-03T11:53:05","modified_gmt":"2026-03-03T10:53:05","slug":"4345-correa-armis-acero-malla-gruesa","status":"publish","type":"product","link":"https:\/\/moreirazaida.com\/en\/4345-correa-armis-acero-malla-gruesa\/","title":{"rendered":"4345 Correa Armis Acero Malla Gruesa"},"content":{"rendered":"","protected":false},"excerpt":{"rendered":"<p>Correa de reloj de malla en color acero, fabricada con hilo tejido de acero de alta calidad. Su acabado en acero aporta un estilo elegante, moderno y vers\u00e1til. Equipado con cierre normal, ofrece un ajuste c\u00f3modo y seguro, junto a una durabilidad excepcional que se adapta a cualquier mu\u00f1eca. Ideal para un look cl\u00e1sico y sofisticado que dura en el tiempo.<\/p>\n","protected":false},"featured_media":96429,"template":"","meta":{"_seopress_robots_primary_cat":"","_seopress_titles_title":"","_seopress_titles_desc":"","_seopress_robots_index":"","_seopress_analysis_target_kw":""},"product_brand":[],"product_cat":[48,199],"product_tag":[],"class_list":{"0":"post-93549","1":"product","2":"type-product","3":"status-publish","4":"has-post-thumbnail","6":"product_cat-correas-armis","7":"product_cat-malla-correas-armis","9":"first","10":"instock","11":"taxable","12":"shipping-taxable","13":"purchasable","14":"product-type-variable"},"_links":{"self":[{"href":"https:\/\/moreirazaida.com\/en\/wp-json\/wp\/v2\/product\/93549","targetHints":{"allow":["GET"]}}],"collection":[{"href":"https:\/\/moreirazaida.com\/en\/wp-json\/wp\/v2\/product"}],"about":[{"href":"https:\/\/moreirazaida.com\/en\/wp-json\/wp\/v2\/types\/product"}],"wp:featuredmedia":[{"embeddable":true,"href":"https:\/\/moreirazaida.com\/en\/wp-json\/wp\/v2\/media\/96429"}],"wp:attachment":[{"href":"https:\/\/moreirazaida.com\/en\/wp-json\/wp\/v2\/media?parent=93549"}],"wp:term":[{"taxonomy":"product_brand","embeddable":true,"href":"https:\/\/moreirazaida.com\/en\/wp-json\/wp\/v2\/product_brand?post=93549"},{"taxonomy":"product_cat","embeddable":true,"href":"https:\/\/moreirazaida.com\/en\/wp-json\/wp\/v2\/product_cat?post=93549"},{"taxonomy":"product_tag","embeddable":true,"href":"https:\/\/moreirazaida.com\/en\/wp-json\/wp\/v2\/product_tag?post=93549"}],"curies":[{"name":"wp","href":"https:\/\/api.w.org\/{rel}","templated":true}]}}