{"id":93547,"date":"2025-11-26T23:04:35","date_gmt":"2025-11-26T22:04:35","guid":{"rendered":"https:\/\/moreirazaida.com\/?post_type=product&#038;p=93547"},"modified":"2026-03-06T12:45:17","modified_gmt":"2026-03-06T11:45:17","slug":"4343-correa-armis-azul","status":"publish","type":"product","link":"https:\/\/moreirazaida.com\/en\/4343-correa-armis-azul\/","title":{"rendered":"4343 Correa Armis Azul"},"content":{"rendered":"","protected":false},"excerpt":{"rendered":"<p>Correa de reloj fabricada en acero de alta calidad, acabado en azul que aporta un toque elegante y moderno. Dise\u00f1ada con eslabones s\u00f3lidos y cierre de pulsador, permite un ajuste r\u00e1pido y seguro para un uso c\u00f3modo. Ideal para quienes buscan un estilo cl\u00e1sico con funcionalidad y resistencia, adem\u00e1s de una apariencia refinada.<\/p>\n","protected":false},"featured_media":96407,"template":"","meta":{"_seopress_robots_primary_cat":"","_seopress_titles_title":"","_seopress_titles_desc":"","_seopress_robots_index":""},"product_brand":[],"product_cat":[200,48],"product_tag":[],"class_list":{"0":"post-93547","1":"product","2":"type-product","3":"status-publish","4":"has-post-thumbnail","6":"product_cat-acero-correas-armis","7":"product_cat-correas-armis","9":"first","10":"instock","11":"taxable","12":"shipping-taxable","13":"purchasable","14":"product-type-variable"},"_links":{"self":[{"href":"https:\/\/moreirazaida.com\/en\/wp-json\/wp\/v2\/product\/93547","targetHints":{"allow":["GET"]}}],"collection":[{"href":"https:\/\/moreirazaida.com\/en\/wp-json\/wp\/v2\/product"}],"about":[{"href":"https:\/\/moreirazaida.com\/en\/wp-json\/wp\/v2\/types\/product"}],"wp:featuredmedia":[{"embeddable":true,"href":"https:\/\/moreirazaida.com\/en\/wp-json\/wp\/v2\/media\/96407"}],"wp:attachment":[{"href":"https:\/\/moreirazaida.com\/en\/wp-json\/wp\/v2\/media?parent=93547"}],"wp:term":[{"taxonomy":"product_brand","embeddable":true,"href":"https:\/\/moreirazaida.com\/en\/wp-json\/wp\/v2\/product_brand?post=93547"},{"taxonomy":"product_cat","embeddable":true,"href":"https:\/\/moreirazaida.com\/en\/wp-json\/wp\/v2\/product_cat?post=93547"},{"taxonomy":"product_tag","embeddable":true,"href":"https:\/\/moreirazaida.com\/en\/wp-json\/wp\/v2\/product_tag?post=93547"}],"curies":[{"name":"wp","href":"https:\/\/api.w.org\/{rel}","templated":true}]}}