{"id":93515,"date":"2025-11-26T22:11:32","date_gmt":"2025-11-26T21:11:32","guid":{"rendered":"https:\/\/moreirazaida.com\/?post_type=product&#038;p=93515"},"modified":"2026-03-06T12:45:17","modified_gmt":"2026-03-06T11:45:17","slug":"4325-correa-milanesa-azul","status":"publish","type":"product","link":"https:\/\/moreirazaida.com\/en\/4325-correa-milanesa-azul\/","title":{"rendered":"4325 Correa Milanesa Azul"},"content":{"rendered":"","protected":false},"excerpt":{"rendered":"<p>Correa de reloj de malla en azul, fabricada en acero de alta calidad. Su acabado en azul aporta un estilo elegante y moderno. Con cierre de presi\u00f3n tradicional, ofrece un ajuste c\u00f3modo y seguro, adem\u00e1s de una gran durabilidad, perfecta para un look sofisticado y vers\u00e1til.<\/p>\n","protected":false},"featured_media":96177,"template":"","meta":{"_seopress_robots_primary_cat":"","_seopress_titles_title":"","_seopress_titles_desc":"","_seopress_robots_index":"","_seopress_analysis_target_kw":""},"product_brand":[],"product_cat":[48,199],"product_tag":[],"class_list":{"0":"post-93515","1":"product","2":"type-product","3":"status-publish","4":"has-post-thumbnail","6":"product_cat-correas-armis","7":"product_cat-malla-correas-armis","9":"first","10":"instock","11":"taxable","12":"shipping-taxable","13":"purchasable","14":"product-type-variable"},"_links":{"self":[{"href":"https:\/\/moreirazaida.com\/en\/wp-json\/wp\/v2\/product\/93515","targetHints":{"allow":["GET"]}}],"collection":[{"href":"https:\/\/moreirazaida.com\/en\/wp-json\/wp\/v2\/product"}],"about":[{"href":"https:\/\/moreirazaida.com\/en\/wp-json\/wp\/v2\/types\/product"}],"wp:featuredmedia":[{"embeddable":true,"href":"https:\/\/moreirazaida.com\/en\/wp-json\/wp\/v2\/media\/96177"}],"wp:attachment":[{"href":"https:\/\/moreirazaida.com\/en\/wp-json\/wp\/v2\/media?parent=93515"}],"wp:term":[{"taxonomy":"product_brand","embeddable":true,"href":"https:\/\/moreirazaida.com\/en\/wp-json\/wp\/v2\/product_brand?post=93515"},{"taxonomy":"product_cat","embeddable":true,"href":"https:\/\/moreirazaida.com\/en\/wp-json\/wp\/v2\/product_cat?post=93515"},{"taxonomy":"product_tag","embeddable":true,"href":"https:\/\/moreirazaida.com\/en\/wp-json\/wp\/v2\/product_tag?post=93515"}],"curies":[{"name":"wp","href":"https:\/\/api.w.org\/{rel}","templated":true}]}}