{"id":93505,"date":"2025-11-26T22:10:32","date_gmt":"2025-11-26T21:10:32","guid":{"rendered":"https:\/\/moreirazaida.com\/?post_type=product&#038;p=93505"},"modified":"2026-03-30T15:31:33","modified_gmt":"2026-03-30T13:31:33","slug":"4324-correa-milanesa-negra","status":"publish","type":"product","link":"https:\/\/moreirazaida.com\/en\/4324-correa-milanesa-negra\/","title":{"rendered":"4324 Correa Milanesa Negra"},"content":{"rendered":"","protected":false},"excerpt":{"rendered":"<p>Correa de reloj de malla en negro, fabricada en acero de alta calidad. Su acabado negro aporta un estilo elegante y moderno. Con cierre normal, ofrece un ajuste c\u00f3modo y seguro, adem\u00e1s de una gran durabilidad. Ideal para quienes buscan un look cl\u00e1sico y sofisticado que se adapta perfectamente a cualquier ocasi\u00f3n.<\/p>\n","protected":false},"featured_media":111658,"template":"","meta":{"_seopress_robots_primary_cat":"","_seopress_titles_title":"","_seopress_titles_desc":"","_seopress_robots_index":"","_seopress_analysis_target_kw":""},"product_brand":[],"product_cat":[48,199],"product_tag":[],"class_list":{"0":"post-93505","1":"product","2":"type-product","3":"status-publish","4":"has-post-thumbnail","6":"product_cat-correas-armis","7":"product_cat-malla-correas-armis","9":"first","10":"instock","11":"taxable","12":"shipping-taxable","13":"purchasable","14":"product-type-variable"},"_links":{"self":[{"href":"https:\/\/moreirazaida.com\/en\/wp-json\/wp\/v2\/product\/93505","targetHints":{"allow":["GET"]}}],"collection":[{"href":"https:\/\/moreirazaida.com\/en\/wp-json\/wp\/v2\/product"}],"about":[{"href":"https:\/\/moreirazaida.com\/en\/wp-json\/wp\/v2\/types\/product"}],"wp:featuredmedia":[{"embeddable":true,"href":"https:\/\/moreirazaida.com\/en\/wp-json\/wp\/v2\/media\/111658"}],"wp:attachment":[{"href":"https:\/\/moreirazaida.com\/en\/wp-json\/wp\/v2\/media?parent=93505"}],"wp:term":[{"taxonomy":"product_brand","embeddable":true,"href":"https:\/\/moreirazaida.com\/en\/wp-json\/wp\/v2\/product_brand?post=93505"},{"taxonomy":"product_cat","embeddable":true,"href":"https:\/\/moreirazaida.com\/en\/wp-json\/wp\/v2\/product_cat?post=93505"},{"taxonomy":"product_tag","embeddable":true,"href":"https:\/\/moreirazaida.com\/en\/wp-json\/wp\/v2\/product_tag?post=93505"}],"curies":[{"name":"wp","href":"https:\/\/api.w.org\/{rel}","templated":true}]}}