{"id":93487,"date":"2025-11-26T17:30:21","date_gmt":"2025-11-26T16:30:21","guid":{"rendered":"https:\/\/moreirazaida.com\/?post_type=product&#038;p=93487"},"modified":"2026-01-23T14:45:33","modified_gmt":"2026-01-23T13:45:33","slug":"4321-correa-armis-acero","status":"publish","type":"product","link":"https:\/\/moreirazaida.com\/en\/4321-correa-armis-acero\/","title":{"rendered":"4321 Correa Armis Acero"},"content":{"rendered":"","protected":false},"excerpt":{"rendered":"<p>Correa de reloj fabricada en acero de alta calidad, acabado en plateado brillante que aporta un toque elegante y moderno. Dise\u00f1ada con eslabones s\u00f3lidos y cierre de seguridad, garantiza una sujeci\u00f3n \u00f3ptima y m\u00e1xima protecci\u00f3n para el uso diario. Ideal para quienes buscan un estilo cl\u00e1sico y sofisticado, resistente al paso del tiempo y f\u00e1cil de mantener.?<\/p>\n","protected":false},"featured_media":96119,"template":"","meta":{"_seopress_robots_primary_cat":"","_seopress_titles_title":"","_seopress_titles_desc":"","_seopress_robots_index":"","_seopress_analysis_target_kw":""},"product_brand":[],"product_cat":[200,48],"product_tag":[],"class_list":{"0":"post-93487","1":"product","2":"type-product","3":"status-publish","4":"has-post-thumbnail","6":"product_cat-acero-correas-armis","7":"product_cat-correas-armis","9":"first","10":"instock","11":"taxable","12":"shipping-taxable","13":"purchasable","14":"product-type-variable"},"_links":{"self":[{"href":"https:\/\/moreirazaida.com\/en\/wp-json\/wp\/v2\/product\/93487","targetHints":{"allow":["GET"]}}],"collection":[{"href":"https:\/\/moreirazaida.com\/en\/wp-json\/wp\/v2\/product"}],"about":[{"href":"https:\/\/moreirazaida.com\/en\/wp-json\/wp\/v2\/types\/product"}],"wp:featuredmedia":[{"embeddable":true,"href":"https:\/\/moreirazaida.com\/en\/wp-json\/wp\/v2\/media\/96119"}],"wp:attachment":[{"href":"https:\/\/moreirazaida.com\/en\/wp-json\/wp\/v2\/media?parent=93487"}],"wp:term":[{"taxonomy":"product_brand","embeddable":true,"href":"https:\/\/moreirazaida.com\/en\/wp-json\/wp\/v2\/product_brand?post=93487"},{"taxonomy":"product_cat","embeddable":true,"href":"https:\/\/moreirazaida.com\/en\/wp-json\/wp\/v2\/product_cat?post=93487"},{"taxonomy":"product_tag","embeddable":true,"href":"https:\/\/moreirazaida.com\/en\/wp-json\/wp\/v2\/product_tag?post=93487"}],"curies":[{"name":"wp","href":"https:\/\/api.w.org\/{rel}","templated":true}]}}