{"id":2632,"date":"2025-09-30T17:16:10","date_gmt":"2025-09-30T15:16:10","guid":{"rendered":"https:\/\/staging.microlabhard.com\/moreirazaida\/?post_type=product&#038;p=2632"},"modified":"2026-03-30T16:11:10","modified_gmt":"2026-03-30T14:11:10","slug":"venecia-correa-de-silicona-perforada","status":"publish","type":"product","link":"https:\/\/moreirazaida.com\/en\/venecia-correa-de-silicona-perforada\/","title":{"rendered":"Venecia &#8211; Correa de Silicona Perforada"},"content":{"rendered":"","protected":false},"excerpt":{"rendered":"<p>Correa de silicona microperforada, cosida con hilos de diferentes colores que aportan un detalle din\u00e1mico y personalizado. Presenta doble trabilla a juego con la correa y una hebilla met\u00e1lica que combina funcionalidad y estilo, ideal para un uso c\u00f3modo y resistente.<\/p>\n","protected":false},"featured_media":98663,"template":"","meta":{"_seopress_robots_primary_cat":"","_seopress_titles_title":"","_seopress_titles_desc":"","_seopress_robots_index":"","_seopress_analysis_target_kw":""},"product_brand":[],"product_cat":[28],"product_tag":[76],"class_list":{"0":"post-2632","1":"product","2":"type-product","3":"status-publish","4":"has-post-thumbnail","6":"product_cat-correas-silicona","7":"product_tag-coleccion-waterproof","9":"first","10":"instock","11":"taxable","12":"shipping-taxable","13":"purchasable","14":"product-type-variable"},"_links":{"self":[{"href":"https:\/\/moreirazaida.com\/en\/wp-json\/wp\/v2\/product\/2632","targetHints":{"allow":["GET"]}}],"collection":[{"href":"https:\/\/moreirazaida.com\/en\/wp-json\/wp\/v2\/product"}],"about":[{"href":"https:\/\/moreirazaida.com\/en\/wp-json\/wp\/v2\/types\/product"}],"wp:featuredmedia":[{"embeddable":true,"href":"https:\/\/moreirazaida.com\/en\/wp-json\/wp\/v2\/media\/98663"}],"wp:attachment":[{"href":"https:\/\/moreirazaida.com\/en\/wp-json\/wp\/v2\/media?parent=2632"}],"wp:term":[{"taxonomy":"product_brand","embeddable":true,"href":"https:\/\/moreirazaida.com\/en\/wp-json\/wp\/v2\/product_brand?post=2632"},{"taxonomy":"product_cat","embeddable":true,"href":"https:\/\/moreirazaida.com\/en\/wp-json\/wp\/v2\/product_cat?post=2632"},{"taxonomy":"product_tag","embeddable":true,"href":"https:\/\/moreirazaida.com\/en\/wp-json\/wp\/v2\/product_tag?post=2632"}],"curies":[{"name":"wp","href":"https:\/\/api.w.org\/{rel}","templated":true}]}}