{"id":2626,"date":"2025-09-30T17:16:09","date_gmt":"2025-09-30T15:16:09","guid":{"rendered":"https:\/\/staging.microlabhard.com\/moreirazaida\/?post_type=product&#038;p=2626"},"modified":"2026-03-30T14:31:18","modified_gmt":"2026-03-30T12:31:18","slug":"snake-serpiente-doble-disminucion","status":"publish","type":"product","link":"https:\/\/moreirazaida.com\/en\/snake-serpiente-doble-disminucion\/","title":{"rendered":"Snake &#8211; Serpiente Doble Disminucion"},"content":{"rendered":"","protected":false},"excerpt":{"rendered":"<p>Correa de piel de serpiente sin forro, de dise\u00f1o plano y terminaci\u00f3n en punta de espada. Equipada con doble trabilla, hebilla met\u00e1lica plateada y costuras con hilo al tono. Una pieza distintiva y elegante que aporta un toque de sofisticaci\u00f3n \u00fanica.<\/p>\n","protected":false},"featured_media":111982,"template":"","meta":{"_seopress_robots_primary_cat":"","_seopress_titles_title":"","_seopress_titles_desc":"","_seopress_robots_index":"","_seopress_analysis_target_kw":""},"product_brand":[],"product_cat":[30],"product_tag":[81],"class_list":{"0":"post-2626","1":"product","2":"type-product","3":"status-publish","4":"has-post-thumbnail","6":"product_cat-correas-piel","7":"product_tag-coleccion-exotic","9":"first","10":"instock","11":"featured","12":"taxable","13":"shipping-taxable","14":"purchasable","15":"product-type-variable"},"_links":{"self":[{"href":"https:\/\/moreirazaida.com\/en\/wp-json\/wp\/v2\/product\/2626","targetHints":{"allow":["GET"]}}],"collection":[{"href":"https:\/\/moreirazaida.com\/en\/wp-json\/wp\/v2\/product"}],"about":[{"href":"https:\/\/moreirazaida.com\/en\/wp-json\/wp\/v2\/types\/product"}],"wp:featuredmedia":[{"embeddable":true,"href":"https:\/\/moreirazaida.com\/en\/wp-json\/wp\/v2\/media\/111982"}],"wp:attachment":[{"href":"https:\/\/moreirazaida.com\/en\/wp-json\/wp\/v2\/media?parent=2626"}],"wp:term":[{"taxonomy":"product_brand","embeddable":true,"href":"https:\/\/moreirazaida.com\/en\/wp-json\/wp\/v2\/product_brand?post=2626"},{"taxonomy":"product_cat","embeddable":true,"href":"https:\/\/moreirazaida.com\/en\/wp-json\/wp\/v2\/product_cat?post=2626"},{"taxonomy":"product_tag","embeddable":true,"href":"https:\/\/moreirazaida.com\/en\/wp-json\/wp\/v2\/product_tag?post=2626"}],"curies":[{"name":"wp","href":"https:\/\/api.w.org\/{rel}","templated":true}]}}