{"id":2617,"date":"2025-09-30T17:16:09","date_gmt":"2025-09-30T15:16:09","guid":{"rendered":"https:\/\/staging.microlabhard.com\/moreirazaida\/?post_type=product&#038;p=2617"},"modified":"2026-03-30T10:34:08","modified_gmt":"2026-03-30T08:34:08","slug":"pirineos-correa-grabado-cocodrilo-xl","status":"publish","type":"product","link":"https:\/\/moreirazaida.com\/en\/pirineos-correa-grabado-cocodrilo-xl\/","title":{"rendered":"Pirineos &#8211; Correa Grabado Cocodrilo XL"},"content":{"rendered":"","protected":false},"excerpt":{"rendered":"<p>Correa de piel de vacuno alomada en tama\u00f1o XL con grabado de cocodrilo, cosida con hilo a tono. Cuenta con doble trabilla a tono y hebilla met\u00e1lica, combinando un dise\u00f1o elegante y sofisticado con la resistencia y comodidad propia de la piel de vacuno. Esta correa es ideal para quienes buscan un accesorio exclusivo que aporte distinci\u00f3n a su reloj, manteniendo un acabado robusto y duradero.<\/p>\n","protected":false},"featured_media":111159,"template":"","meta":{"_seopress_robots_primary_cat":"","_seopress_titles_title":"","_seopress_titles_desc":"","_seopress_robots_index":""},"product_brand":[],"product_cat":[30],"product_tag":[67],"class_list":{"0":"post-2617","1":"product","2":"type-product","3":"status-publish","4":"has-post-thumbnail","6":"product_cat-correas-piel","7":"product_tag-coleccion-mountain","9":"first","10":"instock","11":"taxable","12":"shipping-taxable","13":"purchasable","14":"product-type-variable"},"_links":{"self":[{"href":"https:\/\/moreirazaida.com\/en\/wp-json\/wp\/v2\/product\/2617","targetHints":{"allow":["GET"]}}],"collection":[{"href":"https:\/\/moreirazaida.com\/en\/wp-json\/wp\/v2\/product"}],"about":[{"href":"https:\/\/moreirazaida.com\/en\/wp-json\/wp\/v2\/types\/product"}],"wp:featuredmedia":[{"embeddable":true,"href":"https:\/\/moreirazaida.com\/en\/wp-json\/wp\/v2\/media\/111159"}],"wp:attachment":[{"href":"https:\/\/moreirazaida.com\/en\/wp-json\/wp\/v2\/media?parent=2617"}],"wp:term":[{"taxonomy":"product_brand","embeddable":true,"href":"https:\/\/moreirazaida.com\/en\/wp-json\/wp\/v2\/product_brand?post=2617"},{"taxonomy":"product_cat","embeddable":true,"href":"https:\/\/moreirazaida.com\/en\/wp-json\/wp\/v2\/product_cat?post=2617"},{"taxonomy":"product_tag","embeddable":true,"href":"https:\/\/moreirazaida.com\/en\/wp-json\/wp\/v2\/product_tag?post=2617"}],"curies":[{"name":"wp","href":"https:\/\/api.w.org\/{rel}","templated":true}]}}