{"id":2608,"date":"2025-09-30T17:16:08","date_gmt":"2025-09-30T15:16:08","guid":{"rendered":"https:\/\/staging.microlabhard.com\/moreirazaida\/producto\/moscu-correa-grab-cocodrilo-doble-disminucion\/"},"modified":"2026-03-30T15:31:58","modified_gmt":"2026-03-30T13:31:58","slug":"moscu-correa-grab-cocodrilo-doble-disminucion","status":"publish","type":"product","link":"https:\/\/moreirazaida.com\/en\/moscu-correa-grab-cocodrilo-doble-disminucion\/","title":{"rendered":"Mosc\u00fa &#8211; Correa Grab. Cocodrilo Doble Disminuci\u00f3n"},"content":{"rendered":"","protected":false},"excerpt":{"rendered":"<p>Correa de piel con grabado de cocodrilo, dise\u00f1ada en formato plano y equipada con forro hipoalerg\u00e9nico que garantiza confort y protecci\u00f3n. Rematada con costuras de hilo al tono, doble trabilla y elegante hebilla met\u00e1lica plateada. Una pieza sofisticada y funcional, ideal para quienes valoran estilo y comodidad en cada detalle.<\/p>\n","protected":false},"featured_media":109991,"template":"","meta":{"_seopress_robots_primary_cat":"","_seopress_titles_title":"","_seopress_titles_desc":"","_seopress_robots_index":""},"product_brand":[],"product_cat":[30],"product_tag":[55],"class_list":{"0":"post-2608","1":"product","2":"type-product","3":"status-publish","4":"has-post-thumbnail","6":"product_cat-correas-piel","7":"product_tag-coleccion-classic-europe","9":"first","10":"instock","11":"taxable","12":"shipping-taxable","13":"purchasable","14":"product-type-variable"},"_links":{"self":[{"href":"https:\/\/moreirazaida.com\/en\/wp-json\/wp\/v2\/product\/2608","targetHints":{"allow":["GET"]}}],"collection":[{"href":"https:\/\/moreirazaida.com\/en\/wp-json\/wp\/v2\/product"}],"about":[{"href":"https:\/\/moreirazaida.com\/en\/wp-json\/wp\/v2\/types\/product"}],"wp:featuredmedia":[{"embeddable":true,"href":"https:\/\/moreirazaida.com\/en\/wp-json\/wp\/v2\/media\/109991"}],"wp:attachment":[{"href":"https:\/\/moreirazaida.com\/en\/wp-json\/wp\/v2\/media?parent=2608"}],"wp:term":[{"taxonomy":"product_brand","embeddable":true,"href":"https:\/\/moreirazaida.com\/en\/wp-json\/wp\/v2\/product_brand?post=2608"},{"taxonomy":"product_cat","embeddable":true,"href":"https:\/\/moreirazaida.com\/en\/wp-json\/wp\/v2\/product_cat?post=2608"},{"taxonomy":"product_tag","embeddable":true,"href":"https:\/\/moreirazaida.com\/en\/wp-json\/wp\/v2\/product_tag?post=2608"}],"curies":[{"name":"wp","href":"https:\/\/api.w.org\/{rel}","templated":true}]}}