{"id":2599,"date":"2025-09-30T17:16:08","date_gmt":"2025-09-30T15:16:08","guid":{"rendered":"https:\/\/staging.microlabhard.com\/moreirazaida\/producto\/madrid-correa-bisonte-plana-cosida\/"},"modified":"2026-03-30T14:31:17","modified_gmt":"2026-03-30T12:31:17","slug":"madrid-correa-bisonte-plana-cosida","status":"publish","type":"product","link":"https:\/\/moreirazaida.com\/en\/madrid-correa-bisonte-plana-cosida\/","title":{"rendered":"Madrid &#8211; Correa Bisonte Plana Cosida"},"content":{"rendered":"","protected":false},"excerpt":{"rendered":"<p>Correa de piel karabu al corte, de dise\u00f1o plano y sin forro exterior, que resalta su est\u00e9tica sobria y artesanal. Cuenta con doble trabilla, costuras con hilo al tono y hebilla met\u00e1lica plateada. Terminada en punta de espada, es una pieza funcional y elegante.<\/p>\n","protected":false},"featured_media":109475,"template":"","meta":{"_seopress_robots_primary_cat":"","_seopress_titles_title":"","_seopress_titles_desc":"","_seopress_robots_index":"","_seopress_analysis_target_kw":""},"product_brand":[],"product_cat":[30],"product_tag":[55],"class_list":{"0":"post-2599","1":"product","2":"type-product","3":"status-publish","4":"has-post-thumbnail","6":"product_cat-correas-piel","7":"product_tag-coleccion-classic-europe","9":"first","10":"instock","11":"taxable","12":"shipping-taxable","13":"purchasable","14":"product-type-variable"},"_links":{"self":[{"href":"https:\/\/moreirazaida.com\/en\/wp-json\/wp\/v2\/product\/2599","targetHints":{"allow":["GET"]}}],"collection":[{"href":"https:\/\/moreirazaida.com\/en\/wp-json\/wp\/v2\/product"}],"about":[{"href":"https:\/\/moreirazaida.com\/en\/wp-json\/wp\/v2\/types\/product"}],"wp:featuredmedia":[{"embeddable":true,"href":"https:\/\/moreirazaida.com\/en\/wp-json\/wp\/v2\/media\/109475"}],"wp:attachment":[{"href":"https:\/\/moreirazaida.com\/en\/wp-json\/wp\/v2\/media?parent=2599"}],"wp:term":[{"taxonomy":"product_brand","embeddable":true,"href":"https:\/\/moreirazaida.com\/en\/wp-json\/wp\/v2\/product_brand?post=2599"},{"taxonomy":"product_cat","embeddable":true,"href":"https:\/\/moreirazaida.com\/en\/wp-json\/wp\/v2\/product_cat?post=2599"},{"taxonomy":"product_tag","embeddable":true,"href":"https:\/\/moreirazaida.com\/en\/wp-json\/wp\/v2\/product_tag?post=2599"}],"curies":[{"name":"wp","href":"https:\/\/api.w.org\/{rel}","templated":true}]}}