{"id":2587,"date":"2025-09-30T17:16:07","date_gmt":"2025-09-30T15:16:07","guid":{"rendered":"https:\/\/staging.microlabhard.com\/moreirazaida\/?post_type=product&#038;p=2587"},"modified":"2026-03-19T10:20:40","modified_gmt":"2026-03-19T09:20:40","slug":"iberia-correa-silicona-espana","status":"publish","type":"product","link":"https:\/\/moreirazaida.com\/en\/iberia-correa-silicona-espana\/","title":{"rendered":"Iberia &#8211; Correa Silicona Espa\u00f1a"},"content":{"rendered":"","protected":false},"excerpt":{"rendered":"<p>Correa de silicona con la bandera de Espa\u00f1a ubicada en el centro a lo largo de la correa. Equipada con dos trabillas a tono y hebilla met\u00e1lica en acabado negro. Un dise\u00f1o distintivo y colorido que aporta personalidad y estilo funcional para un uso diario llamativo y c\u00f3modo.<\/p>\n","protected":false},"featured_media":87056,"template":"","meta":{"_seopress_robots_primary_cat":"","_seopress_titles_title":"","_seopress_titles_desc":"","_seopress_robots_index":""},"product_brand":[],"product_cat":[28],"product_tag":[76],"class_list":{"0":"post-2587","1":"product","2":"type-product","3":"status-publish","4":"has-post-thumbnail","6":"product_cat-correas-silicona","7":"product_tag-coleccion-waterproof","9":"first","10":"instock","11":"taxable","12":"shipping-taxable","13":"purchasable","14":"product-type-variable"},"_links":{"self":[{"href":"https:\/\/moreirazaida.com\/en\/wp-json\/wp\/v2\/product\/2587","targetHints":{"allow":["GET"]}}],"collection":[{"href":"https:\/\/moreirazaida.com\/en\/wp-json\/wp\/v2\/product"}],"about":[{"href":"https:\/\/moreirazaida.com\/en\/wp-json\/wp\/v2\/types\/product"}],"wp:featuredmedia":[{"embeddable":true,"href":"https:\/\/moreirazaida.com\/en\/wp-json\/wp\/v2\/media\/87056"}],"wp:attachment":[{"href":"https:\/\/moreirazaida.com\/en\/wp-json\/wp\/v2\/media?parent=2587"}],"wp:term":[{"taxonomy":"product_brand","embeddable":true,"href":"https:\/\/moreirazaida.com\/en\/wp-json\/wp\/v2\/product_brand?post=2587"},{"taxonomy":"product_cat","embeddable":true,"href":"https:\/\/moreirazaida.com\/en\/wp-json\/wp\/v2\/product_cat?post=2587"},{"taxonomy":"product_tag","embeddable":true,"href":"https:\/\/moreirazaida.com\/en\/wp-json\/wp\/v2\/product_tag?post=2587"}],"curies":[{"name":"wp","href":"https:\/\/api.w.org\/{rel}","templated":true}]}}