{"id":2583,"date":"2025-09-30T17:16:07","date_gmt":"2025-09-30T15:16:07","guid":{"rendered":"https:\/\/staging.microlabhard.com\/moreirazaida\/producto\/estocolmo-correa-boxcalf-alomada\/"},"modified":"2026-03-30T14:31:19","modified_gmt":"2026-03-30T12:31:19","slug":"estocolmo-correa-boxcalf-alomada","status":"publish","type":"product","link":"https:\/\/moreirazaida.com\/en\/estocolmo-correa-boxcalf-alomada\/","title":{"rendered":"Estocolmo &#8211; Correa Boxcalf Alomada"},"content":{"rendered":"","protected":false},"excerpt":{"rendered":"<p>Correa con grabado de karab\u00fa y dise\u00f1o alomado que aporta volumen y elegancia. Incorpora forro hipoalerg\u00e9nico para mayor comodidad, doble trabilla y hebilla met\u00e1lica plateada. Una opci\u00f3n refinada y confortable para el uso diario o formal.<\/p>\n","protected":false},"featured_media":110785,"template":"","meta":{"_seopress_robots_primary_cat":"","_seopress_titles_title":"","_seopress_titles_desc":"","_seopress_robots_index":"","_seopress_analysis_target_kw":""},"product_brand":[],"product_cat":[30],"product_tag":[99],"class_list":{"0":"post-2583","1":"product","2":"type-product","3":"status-publish","4":"has-post-thumbnail","6":"product_cat-correas-piel","7":"product_tag-coleccion-escandinavia","9":"first","10":"instock","11":"taxable","12":"shipping-taxable","13":"purchasable","14":"product-type-variable"},"_links":{"self":[{"href":"https:\/\/moreirazaida.com\/en\/wp-json\/wp\/v2\/product\/2583","targetHints":{"allow":["GET"]}}],"collection":[{"href":"https:\/\/moreirazaida.com\/en\/wp-json\/wp\/v2\/product"}],"about":[{"href":"https:\/\/moreirazaida.com\/en\/wp-json\/wp\/v2\/types\/product"}],"wp:featuredmedia":[{"embeddable":true,"href":"https:\/\/moreirazaida.com\/en\/wp-json\/wp\/v2\/media\/110785"}],"wp:attachment":[{"href":"https:\/\/moreirazaida.com\/en\/wp-json\/wp\/v2\/media?parent=2583"}],"wp:term":[{"taxonomy":"product_brand","embeddable":true,"href":"https:\/\/moreirazaida.com\/en\/wp-json\/wp\/v2\/product_brand?post=2583"},{"taxonomy":"product_cat","embeddable":true,"href":"https:\/\/moreirazaida.com\/en\/wp-json\/wp\/v2\/product_cat?post=2583"},{"taxonomy":"product_tag","embeddable":true,"href":"https:\/\/moreirazaida.com\/en\/wp-json\/wp\/v2\/product_tag?post=2583"}],"curies":[{"name":"wp","href":"https:\/\/api.w.org\/{rel}","templated":true}]}}