{"id":2582,"date":"2025-09-30T17:16:07","date_gmt":"2025-09-30T15:16:07","guid":{"rendered":"https:\/\/staging.microlabhard.com\/moreirazaida\/?post_type=product&#038;p=2582"},"modified":"2026-02-09T14:47:19","modified_gmt":"2026-02-09T13:47:19","slug":"espana-correa-vacuno-trab-espana","status":"publish","type":"product","link":"https:\/\/moreirazaida.com\/en\/espana-correa-vacuno-trab-espana\/","title":{"rendered":"Espa\u00f1a &#8211; Correa Vacuno Trab. Espa\u00f1a"},"content":{"rendered":"","protected":false},"excerpt":{"rendered":"<p>Correa de piel de vacuno con lomo liso y doble capa de piel que ofrece resistencia y cuerpo. Incorpora tres trabillas formando la bandera de Espa\u00f1a, junto a una hebilla met\u00e1lica plateada y costuras con hilo al tono, perfectamente combinadas con el color de la correa. Un dise\u00f1o vers\u00e1til y duradero, ideal para complementar estilos modernos y coloridos.<\/p>\n","protected":false},"featured_media":111073,"template":"","meta":{"_seopress_robots_primary_cat":"","_seopress_titles_title":"","_seopress_titles_desc":"","_seopress_robots_index":"","_seopress_analysis_target_kw":""},"product_brand":[],"product_cat":[30],"product_tag":[56],"class_list":{"0":"post-2582","1":"product","2":"type-product","3":"status-publish","4":"has-post-thumbnail","6":"product_cat-correas-piel","7":"product_tag-coleccion-country","9":"first","10":"instock","11":"taxable","12":"shipping-taxable","13":"purchasable","14":"product-type-variable"},"_links":{"self":[{"href":"https:\/\/moreirazaida.com\/en\/wp-json\/wp\/v2\/product\/2582","targetHints":{"allow":["GET"]}}],"collection":[{"href":"https:\/\/moreirazaida.com\/en\/wp-json\/wp\/v2\/product"}],"about":[{"href":"https:\/\/moreirazaida.com\/en\/wp-json\/wp\/v2\/types\/product"}],"wp:featuredmedia":[{"embeddable":true,"href":"https:\/\/moreirazaida.com\/en\/wp-json\/wp\/v2\/media\/111073"}],"wp:attachment":[{"href":"https:\/\/moreirazaida.com\/en\/wp-json\/wp\/v2\/media?parent=2582"}],"wp:term":[{"taxonomy":"product_brand","embeddable":true,"href":"https:\/\/moreirazaida.com\/en\/wp-json\/wp\/v2\/product_brand?post=2582"},{"taxonomy":"product_cat","embeddable":true,"href":"https:\/\/moreirazaida.com\/en\/wp-json\/wp\/v2\/product_cat?post=2582"},{"taxonomy":"product_tag","embeddable":true,"href":"https:\/\/moreirazaida.com\/en\/wp-json\/wp\/v2\/product_tag?post=2582"}],"curies":[{"name":"wp","href":"https:\/\/api.w.org\/{rel}","templated":true}]}}