{"id":2576,"date":"2025-09-30T17:16:06","date_gmt":"2025-09-30T15:16:06","guid":{"rendered":"https:\/\/staging.microlabhard.com\/moreirazaida\/producto\/copenaghe-correa-bisonte-gruesa-1-pasador\/"},"modified":"2026-03-30T10:18:29","modified_gmt":"2026-03-30T08:18:29","slug":"copenaghe-correa-bisonte-gruesa-1-pasador","status":"publish","type":"product","link":"https:\/\/moreirazaida.com\/en\/copenaghe-correa-bisonte-gruesa-1-pasador\/","title":{"rendered":"Copenaghe &#8211; Correa Bisonte Gruesa 1 Pasador"},"content":{"rendered":"","protected":false},"excerpt":{"rendered":"<p>Correa de piel de bisonte gruesa, sin forro, con acabado mate que resalta su textura natural y robusta. Cuenta con pasador ancho, hebilla deportiva en acero y costuras en hilo de contraste. Un dise\u00f1o s\u00f3lido y funcional, ideal para quienes buscan resistencia y car\u00e1cter en una pieza de alta calidad.<\/p>\n","protected":false},"featured_media":110583,"template":"","meta":{"_seopress_robots_primary_cat":"","_seopress_titles_title":"","_seopress_titles_desc":"","_seopress_robots_index":"","_seopress_analysis_target_kw":""},"product_brand":[],"product_cat":[30],"product_tag":[99],"class_list":{"0":"post-2576","1":"product","2":"type-product","3":"status-publish","4":"has-post-thumbnail","6":"product_cat-correas-piel","7":"product_tag-coleccion-escandinavia","9":"first","10":"instock","11":"taxable","12":"shipping-taxable","13":"purchasable","14":"product-type-variable"},"_links":{"self":[{"href":"https:\/\/moreirazaida.com\/en\/wp-json\/wp\/v2\/product\/2576","targetHints":{"allow":["GET"]}}],"collection":[{"href":"https:\/\/moreirazaida.com\/en\/wp-json\/wp\/v2\/product"}],"about":[{"href":"https:\/\/moreirazaida.com\/en\/wp-json\/wp\/v2\/types\/product"}],"wp:featuredmedia":[{"embeddable":true,"href":"https:\/\/moreirazaida.com\/en\/wp-json\/wp\/v2\/media\/110583"}],"wp:attachment":[{"href":"https:\/\/moreirazaida.com\/en\/wp-json\/wp\/v2\/media?parent=2576"}],"wp:term":[{"taxonomy":"product_brand","embeddable":true,"href":"https:\/\/moreirazaida.com\/en\/wp-json\/wp\/v2\/product_brand?post=2576"},{"taxonomy":"product_cat","embeddable":true,"href":"https:\/\/moreirazaida.com\/en\/wp-json\/wp\/v2\/product_cat?post=2576"},{"taxonomy":"product_tag","embeddable":true,"href":"https:\/\/moreirazaida.com\/en\/wp-json\/wp\/v2\/product_tag?post=2576"}],"curies":[{"name":"wp","href":"https:\/\/api.w.org\/{rel}","templated":true}]}}