{"id":2567,"date":"2025-09-30T17:16:06","date_gmt":"2025-09-30T15:16:06","guid":{"rendered":"https:\/\/staging.microlabhard.com\/moreirazaida\/producto\/calgary-correa-karabu-d-fileteado\/"},"modified":"2026-03-30T10:34:07","modified_gmt":"2026-03-30T08:34:07","slug":"calgary-correa-karabu-d-fileteado","status":"publish","type":"product","link":"https:\/\/moreirazaida.com\/en\/calgary-correa-karabu-d-fileteado\/","title":{"rendered":"Calgary &#8211; Correa Karab\u00fa D. Fileteado"},"content":{"rendered":"","protected":false},"excerpt":{"rendered":"<p>Correa de piel karabu con doble fileteado decorativo y dise\u00f1o alomado que aporta volumen y elegancia. Interior con forro hipoalerg\u00e9nico para mayor comodidad. Incorpora hebilla de acero y acabado en punta de espada, ideal para un estilo cl\u00e1sico con car\u00e1cter.<\/p>\n","protected":false},"featured_media":109693,"template":"","meta":{"_seopress_robots_primary_cat":"","_seopress_titles_title":"","_seopress_titles_desc":"","_seopress_robots_index":"","_seopress_analysis_target_kw":""},"product_brand":[],"product_cat":[30],"product_tag":[96],"class_list":{"0":"post-2567","1":"product","2":"type-product","3":"status-publish","4":"has-post-thumbnail","6":"product_cat-correas-piel","7":"product_tag-coleccion-canada-caribu","9":"first","10":"instock","11":"taxable","12":"shipping-taxable","13":"purchasable","14":"product-type-variable"},"_links":{"self":[{"href":"https:\/\/moreirazaida.com\/en\/wp-json\/wp\/v2\/product\/2567","targetHints":{"allow":["GET"]}}],"collection":[{"href":"https:\/\/moreirazaida.com\/en\/wp-json\/wp\/v2\/product"}],"about":[{"href":"https:\/\/moreirazaida.com\/en\/wp-json\/wp\/v2\/types\/product"}],"wp:featuredmedia":[{"embeddable":true,"href":"https:\/\/moreirazaida.com\/en\/wp-json\/wp\/v2\/media\/109693"}],"wp:attachment":[{"href":"https:\/\/moreirazaida.com\/en\/wp-json\/wp\/v2\/media?parent=2567"}],"wp:term":[{"taxonomy":"product_brand","embeddable":true,"href":"https:\/\/moreirazaida.com\/en\/wp-json\/wp\/v2\/product_brand?post=2567"},{"taxonomy":"product_cat","embeddable":true,"href":"https:\/\/moreirazaida.com\/en\/wp-json\/wp\/v2\/product_cat?post=2567"},{"taxonomy":"product_tag","embeddable":true,"href":"https:\/\/moreirazaida.com\/en\/wp-json\/wp\/v2\/product_tag?post=2567"}],"curies":[{"name":"wp","href":"https:\/\/api.w.org\/{rel}","templated":true}]}}