{"id":2563,"date":"2025-09-30T17:16:06","date_gmt":"2025-09-30T15:16:06","guid":{"rendered":"https:\/\/staging.microlabhard.com\/moreirazaida\/producto\/berlin-correa-piel-vacuno\/"},"modified":"2026-03-30T14:31:18","modified_gmt":"2026-03-30T12:31:18","slug":"berlin-correa-piel-vacuno","status":"publish","type":"product","link":"https:\/\/moreirazaida.com\/en\/berlin-correa-piel-vacuno\/","title":{"rendered":"Berlin &#8211; Correa Piel Vacuno"},"content":{"rendered":"","protected":false},"excerpt":{"rendered":"<p>Correa de piel de vacuno con lomo liso y doble capa de piel que ofrece resistencia y cuerpo. Cuenta con doble trabilla, hebilla met\u00e1lica plateada y costuras con hilo al tono, perfectamente combinadas con el color de la correa. Un dise\u00f1o vers\u00e1til y duradero, ideal para complementar estilos modernos y coloridos.<\/p>\n","protected":false},"featured_media":109566,"template":"","meta":{"_seopress_robots_primary_cat":"","_seopress_titles_title":"","_seopress_titles_desc":"","_seopress_robots_index":"","_seopress_analysis_target_kw":""},"product_brand":[],"product_cat":[30],"product_tag":[55],"class_list":{"0":"post-2563","1":"product","2":"type-product","3":"status-publish","4":"has-post-thumbnail","6":"product_cat-correas-piel","7":"product_tag-coleccion-classic-europe","9":"first","10":"instock","11":"taxable","12":"shipping-taxable","13":"purchasable","14":"product-type-variable"},"_links":{"self":[{"href":"https:\/\/moreirazaida.com\/en\/wp-json\/wp\/v2\/product\/2563","targetHints":{"allow":["GET"]}}],"collection":[{"href":"https:\/\/moreirazaida.com\/en\/wp-json\/wp\/v2\/product"}],"about":[{"href":"https:\/\/moreirazaida.com\/en\/wp-json\/wp\/v2\/types\/product"}],"wp:featuredmedia":[{"embeddable":true,"href":"https:\/\/moreirazaida.com\/en\/wp-json\/wp\/v2\/media\/109566"}],"wp:attachment":[{"href":"https:\/\/moreirazaida.com\/en\/wp-json\/wp\/v2\/media?parent=2563"}],"wp:term":[{"taxonomy":"product_brand","embeddable":true,"href":"https:\/\/moreirazaida.com\/en\/wp-json\/wp\/v2\/product_brand?post=2563"},{"taxonomy":"product_cat","embeddable":true,"href":"https:\/\/moreirazaida.com\/en\/wp-json\/wp\/v2\/product_cat?post=2563"},{"taxonomy":"product_tag","embeddable":true,"href":"https:\/\/moreirazaida.com\/en\/wp-json\/wp\/v2\/product_tag?post=2563"}],"curies":[{"name":"wp","href":"https:\/\/api.w.org\/{rel}","templated":true}]}}