{"id":2562,"date":"2025-09-30T17:16:06","date_gmt":"2025-09-30T15:16:06","guid":{"rendered":"https:\/\/staging.microlabhard.com\/moreirazaida\/?post_type=product&#038;p=2562"},"modified":"2026-03-30T15:31:27","modified_gmt":"2026-03-30T13:31:27","slug":"bangkok-correa-silicona-plana","status":"publish","type":"product","link":"https:\/\/moreirazaida.com\/en\/bangkok-correa-silicona-plana\/","title":{"rendered":"Bangkok &#8211; Correa Silicona Plana"},"content":{"rendered":"","protected":false},"excerpt":{"rendered":"<p>Correa de silicona plana, equipada con dos hebillas del mismo color que la correa y una hebilla met\u00e1lica plateada, con la punta acabada de forma redondeada. Un dise\u00f1o moderno y funcional que combina uniformidad y un toque de detalle elegante para un uso vers\u00e1til y c\u00f3modo.<\/p>\n","protected":false},"featured_media":86947,"template":"","meta":{"_seopress_robots_primary_cat":"","_seopress_titles_title":"","_seopress_titles_desc":"","_seopress_robots_index":""},"product_brand":[],"product_cat":[28],"product_tag":[76],"class_list":{"0":"post-2562","1":"product","2":"type-product","3":"status-publish","4":"has-post-thumbnail","6":"product_cat-correas-silicona","7":"product_tag-coleccion-waterproof","9":"first","10":"instock","11":"taxable","12":"shipping-taxable","13":"purchasable","14":"product-type-variable"},"_links":{"self":[{"href":"https:\/\/moreirazaida.com\/en\/wp-json\/wp\/v2\/product\/2562","targetHints":{"allow":["GET"]}}],"collection":[{"href":"https:\/\/moreirazaida.com\/en\/wp-json\/wp\/v2\/product"}],"about":[{"href":"https:\/\/moreirazaida.com\/en\/wp-json\/wp\/v2\/types\/product"}],"wp:featuredmedia":[{"embeddable":true,"href":"https:\/\/moreirazaida.com\/en\/wp-json\/wp\/v2\/media\/86947"}],"wp:attachment":[{"href":"https:\/\/moreirazaida.com\/en\/wp-json\/wp\/v2\/media?parent=2562"}],"wp:term":[{"taxonomy":"product_brand","embeddable":true,"href":"https:\/\/moreirazaida.com\/en\/wp-json\/wp\/v2\/product_brand?post=2562"},{"taxonomy":"product_cat","embeddable":true,"href":"https:\/\/moreirazaida.com\/en\/wp-json\/wp\/v2\/product_cat?post=2562"},{"taxonomy":"product_tag","embeddable":true,"href":"https:\/\/moreirazaida.com\/en\/wp-json\/wp\/v2\/product_tag?post=2562"}],"curies":[{"name":"wp","href":"https:\/\/api.w.org\/{rel}","templated":true}]}}