{"id":2555,"date":"2025-09-30T17:16:05","date_gmt":"2025-09-30T15:16:05","guid":{"rendered":"https:\/\/staging.microlabhard.com\/moreirazaida\/?post_type=product&#038;p=2555"},"modified":"2026-03-30T12:19:05","modified_gmt":"2026-03-30T10:19:05","slug":"almere-correa-de-silicona","status":"publish","type":"product","link":"https:\/\/moreirazaida.com\/en\/almere-correa-de-silicona\/","title":{"rendered":"Almere &#8211; Correa de Silicona"},"content":{"rendered":"","protected":false},"excerpt":{"rendered":"<p>Correa de silicona negra alomada, cosida con hilo en diferentes colores que aportan un contraste din\u00e1mico y vistoso. Equipada con doble trabilla en negro y hebilla met\u00e1lica, combina un estilo deportivo con un acabado cuidado y actual, ideal para un uso diario c\u00f3modo y resistente.<\/p>\n","protected":false},"featured_media":111587,"template":"","meta":{"_seopress_robots_primary_cat":"","_seopress_titles_title":"","_seopress_titles_desc":"","_seopress_robots_index":""},"product_brand":[],"product_cat":[28],"product_tag":[76],"class_list":{"0":"post-2555","1":"product","2":"type-product","3":"status-publish","4":"has-post-thumbnail","6":"product_cat-correas-silicona","7":"product_tag-coleccion-waterproof","9":"first","10":"instock","11":"taxable","12":"shipping-taxable","13":"purchasable","14":"product-type-variable"},"_links":{"self":[{"href":"https:\/\/moreirazaida.com\/en\/wp-json\/wp\/v2\/product\/2555","targetHints":{"allow":["GET"]}}],"collection":[{"href":"https:\/\/moreirazaida.com\/en\/wp-json\/wp\/v2\/product"}],"about":[{"href":"https:\/\/moreirazaida.com\/en\/wp-json\/wp\/v2\/types\/product"}],"wp:featuredmedia":[{"embeddable":true,"href":"https:\/\/moreirazaida.com\/en\/wp-json\/wp\/v2\/media\/111587"}],"wp:attachment":[{"href":"https:\/\/moreirazaida.com\/en\/wp-json\/wp\/v2\/media?parent=2555"}],"wp:term":[{"taxonomy":"product_brand","embeddable":true,"href":"https:\/\/moreirazaida.com\/en\/wp-json\/wp\/v2\/product_brand?post=2555"},{"taxonomy":"product_cat","embeddable":true,"href":"https:\/\/moreirazaida.com\/en\/wp-json\/wp\/v2\/product_cat?post=2555"},{"taxonomy":"product_tag","embeddable":true,"href":"https:\/\/moreirazaida.com\/en\/wp-json\/wp\/v2\/product_tag?post=2555"}],"curies":[{"name":"wp","href":"https:\/\/api.w.org\/{rel}","templated":true}]}}